{"id":2,"date":"2025-08-04T09:30:45","date_gmt":"2025-08-04T09:30:45","guid":{"rendered":"https:\/\/gaztelugatxegozotegia.rkinformatika.online\/?page_id=2"},"modified":"2025-08-07T11:11:10","modified_gmt":"2025-08-07T11:11:10","slug":"inicio","status":"publish","type":"page","link":"https:\/\/gaztelugatxegozotegia.com\/eu\/","title":{"rendered":"Hasiera"},"content":{"rendered":"\t\t<div data-elementor-type=\"wp-page\" data-elementor-id=\"2\" class=\"elementor elementor-2\" data-elementor-post-type=\"page\">\n\t\t\t\t\t\t<section class=\"elementor-section elementor-top-section elementor-element elementor-element-bb9376a elementor-section-boxed elementor-section-height-default elementor-section-height-default\" data-id=\"bb9376a\" data-element_type=\"section\" data-e-type=\"section\" data-settings=\"{&quot;background_background&quot;:&quot;slideshow&quot;,&quot;background_slideshow_gallery&quot;:[{&quot;id&quot;:99,&quot;url&quot;:&quot;https:\\\/\\\/gaztelugatxegozotegia.com\\\/wp-content\\\/uploads\\\/2025\\\/08\\\/29792590_2273229002702199_3382874992910794752_n.jpg&quot;},{&quot;id&quot;:108,&quot;url&quot;:&quot;https:\\\/\\\/gaztelugatxegozotegia.com\\\/wp-content\\\/uploads\\\/2025\\\/08\\\/38267310_2482618691763228_607826846926503936_n.jpg&quot;},{&quot;id&quot;:134,&quot;url&quot;:&quot;https:\\\/\\\/gaztelugatxegozotegia.com\\\/wp-content\\\/uploads\\\/2025\\\/08\\\/69896751_3426103017414786_7582640932885889024_n.jpg&quot;}],&quot;background_slideshow_ken_burns&quot;:&quot;yes&quot;,&quot;background_slideshow_loop&quot;:&quot;yes&quot;,&quot;background_slideshow_slide_duration&quot;:5000,&quot;background_slideshow_slide_transition&quot;:&quot;fade&quot;,&quot;background_slideshow_transition_duration&quot;:500,&quot;background_slideshow_ken_burns_zoom_direction&quot;:&quot;in&quot;}\">\n\t\t\t\t\t\t<div class=\"elementor-container elementor-column-gap-default\">\n\t\t\t\t\t<div class=\"elementor-column elementor-col-100 elementor-top-column elementor-element elementor-element-ec663a9\" data-id=\"ec663a9\" data-element_type=\"column\" data-e-type=\"column\">\n\t\t\t<div class=\"elementor-widget-wrap\">\n\t\t\t\t\t\t\t<\/div>\n\t\t<\/div>\n\t\t\t\t\t<\/div>\n\t\t<\/section>\n\t\t\t\t<section class=\"elementor-section elementor-top-section elementor-element elementor-element-cd3c651 elementor-section-boxed elementor-section-height-default elementor-section-height-default\" data-id=\"cd3c651\" data-element_type=\"section\" data-e-type=\"section\">\n\t\t\t\t\t\t<div class=\"elementor-container elementor-column-gap-default\">\n\t\t\t\t\t<div class=\"elementor-column elementor-col-50 elementor-top-column elementor-element elementor-element-ad0aff9\" data-id=\"ad0aff9\" data-element_type=\"column\" data-e-type=\"column\">\n\t\t\t<div class=\"elementor-widget-wrap elementor-element-populated\">\n\t\t\t\t\t\t<div class=\"elementor-element elementor-element-4255cc4 elementor-flip-box--effect-slide elementor-flip-box--direction-up elementor-widget elementor-widget-flip-box\" data-id=\"4255cc4\" data-element_type=\"widget\" data-e-type=\"widget\" data-widget_type=\"flip-box.default\">\n\t\t\t\t\t\t\t<div class=\"elementor-flip-box\" tabindex=\"0\">\n\t\t\t<div class=\"elementor-flip-box__layer elementor-flip-box__front\">\n\t\t\t\t<div class=\"elementor-flip-box__layer__overlay\">\n\t\t\t\t\t<div class=\"elementor-flip-box__layer__inner\">\n\t\t\t\t\t\t\n\t\t\t\t\t\t\n\t\t\t\t\t\t\t\t\t\t\t<\/div>\n\t\t\t\t<\/div>\n\t\t\t<\/div>\n\t\t\t<div class=\"elementor-flip-box__layer elementor-flip-box__back\">\n\t\t\t<div class=\"elementor-flip-box__layer__overlay\">\n\t\t\t\t<div class=\"elementor-flip-box__layer__inner\">\n\t\t\t\t\t\n\t\t\t\t\t\n\t\t\t\t\t\t\t\t<\/div>\n\t\t<\/div>\n\t\t<\/div>\n\t\t<\/div>\n\t\t\t\t\t\t<\/div>\n\t\t\t\t\t<\/div>\n\t\t<\/div>\n\t\t\t\t<div class=\"elementor-column elementor-col-50 elementor-top-column elementor-element elementor-element-fe69082\" data-id=\"fe69082\" data-element_type=\"column\" data-e-type=\"column\">\n\t\t\t<div class=\"elementor-widget-wrap elementor-element-populated\">\n\t\t\t\t\t\t<div class=\"elementor-element elementor-element-a986802 elementor-invisible elementor-widget elementor-widget-heading\" data-id=\"a986802\" data-element_type=\"widget\" data-e-type=\"widget\" data-settings=\"{&quot;_animation&quot;:&quot;fadeIn&quot;,&quot;_animation_delay&quot;:50}\" data-widget_type=\"heading.default\">\n\t\t\t\t\t<h2 class=\"elementor-heading-title elementor-size-default\">historia<\/h2>\t\t\t\t<\/div>\n\t\t\t\t<div class=\"elementor-element elementor-element-3c9450d elementor-invisible elementor-widget elementor-widget-heading\" data-id=\"3c9450d\" data-element_type=\"widget\" data-e-type=\"widget\" data-settings=\"{&quot;_animation&quot;:&quot;fadeIn&quot;,&quot;_animation_delay&quot;:100}\" data-widget_type=\"heading.default\">\n\t\t\t\t\t<h2 class=\"elementor-heading-title elementor-size-default\">Sobre nosotros <\/h2>\t\t\t\t<\/div>\n\t\t\t\t<div class=\"elementor-element elementor-element-6fdc67f elementor-widget elementor-widget-text-editor\" data-id=\"6fdc67f\" data-element_type=\"widget\" data-e-type=\"widget\" data-widget_type=\"text-editor.default\">\n\t\t\t\t\t\t\t\t\t<p>Pasteler\u00eda fundada en el casco viejo de Bermeo en 1969, creando y elaborando dulces y pasteles tradicionales y t\u00edpicos del territorio. En 2007 pasa a manos de Urko Arostegui, el reciente pastelero, que a d\u00eda de hoy mantiene la tradici\u00f3n de elaborar los dulces de siempre, respetando fechas y festividades relacionadas con los dulces t\u00edpicos de cada ocasi\u00f3n.<\/p><p>1969an Bermeoko alde zaharrean sortutako gozotegia, lurraldeko gozoki eta pastel tradizional eta tipikoak sortuz eta eginez. 2007an Urko Arosteguiren esku geratu zen, gozogile berria, eta gaur egun betiko gozokiak egiteko ohiturari eusten dio, unean uneko gozoki tipikoekin lotutako datak eta jaiak errespetatuz.<\/p>\t\t\t\t\t\t\t\t<\/div>\n\t\t\t\t\t<\/div>\n\t\t<\/div>\n\t\t\t\t\t<\/div>\n\t\t<\/section>\n\t\t<div class=\"elementor-element elementor-element-ca0d218 e-flex e-con-boxed e-con e-parent\" data-id=\"ca0d218\" data-element_type=\"container\" data-e-type=\"container\" data-settings=\"{&quot;background_background&quot;:&quot;classic&quot;}\">\n\t\t\t\t\t<div class=\"e-con-inner\">\n\t\t\t\t<div class=\"elementor-element elementor-element-a854ae8 elementor-invisible elementor-widget elementor-widget-heading\" data-id=\"a854ae8\" data-element_type=\"widget\" data-e-type=\"widget\" data-settings=\"{&quot;_animation&quot;:&quot;fadeInRight&quot;}\" data-widget_type=\"heading.default\">\n\t\t\t\t\t<h2 class=\"elementor-heading-title elementor-size-default\">\u00a1La mejor pasteler\u00eda de Bermeo!<\/h2>\t\t\t\t<\/div>\n\t\t\t\t<div class=\"elementor-element elementor-element-bf5d85b elementor-invisible elementor-widget elementor-widget-button\" data-id=\"bf5d85b\" data-element_type=\"widget\" data-e-type=\"widget\" data-settings=\"{&quot;_animation&quot;:&quot;fadeInLeft&quot;}\" data-widget_type=\"button.default\">\n\t\t\t\t\t\t\t\t\t\t<a class=\"elementor-button elementor-button-link elementor-size-sm\" href=\"\/contacto\">\n\t\t\t\t\t\t<span class=\"elementor-button-content-wrapper\">\n\t\t\t\t\t\t\t\t\t<span class=\"elementor-button-text\">Cont\u00e1ctanos<\/span>\n\t\t\t\t\t<\/span>\n\t\t\t\t\t<\/a>\n\t\t\t\t\t\t\t\t<\/div>\n\t\t\t\t\t<\/div>\n\t\t\t\t<\/div>\n\t\t\t\t<section class=\"elementor-section elementor-top-section elementor-element elementor-element-84027ed elementor-section-boxed elementor-section-height-default elementor-section-height-default\" data-id=\"84027ed\" data-element_type=\"section\" data-e-type=\"section\">\n\t\t\t\t\t\t<div class=\"elementor-container elementor-column-gap-default\">\n\t\t\t\t\t<div class=\"elementor-column elementor-col-50 elementor-top-column elementor-element elementor-element-591a262\" data-id=\"591a262\" data-element_type=\"column\" data-e-type=\"column\">\n\t\t\t<div class=\"elementor-widget-wrap elementor-element-populated\">\n\t\t\t\t\t\t<div class=\"elementor-element elementor-element-e834906 elementor-invisible elementor-widget elementor-widget-heading\" data-id=\"e834906\" data-element_type=\"widget\" data-e-type=\"widget\" data-settings=\"{&quot;_animation&quot;:&quot;fadeIn&quot;,&quot;_animation_delay&quot;:50}\" data-widget_type=\"heading.default\">\n\t\t\t\t\t<h2 class=\"elementor-heading-title elementor-size-default\">lugar<\/h2>\t\t\t\t<\/div>\n\t\t\t\t<div class=\"elementor-element elementor-element-50fc97c elementor-invisible elementor-widget elementor-widget-heading\" data-id=\"50fc97c\" data-element_type=\"widget\" data-e-type=\"widget\" data-settings=\"{&quot;_animation&quot;:&quot;fadeIn&quot;,&quot;_animation_delay&quot;:100}\" data-widget_type=\"heading.default\">\n\t\t\t\t\t<h2 class=\"elementor-heading-title elementor-size-default\">nuestras recetas<\/h2>\t\t\t\t<\/div>\n\t\t\t\t<div class=\"elementor-element elementor-element-8161207 elementor-widget elementor-widget-text-editor\" data-id=\"8161207\" data-element_type=\"widget\" data-e-type=\"widget\" data-widget_type=\"text-editor.default\">\n\t\t\t\t\t\t\t\t\t<p>A si tambi\u00e9n intentar innovar y estar un poco a la tendencias actuales y ofrecer al cliente de siempre y nuevo aquello que este de novedad.\u00a0 La pasteler\u00eda se ha convertido en un referente local, atrayendo tanto a vecinos como a turistas que buscan disfrutar de aut\u00e9nticas delicias bermeanas.<\/p>\t\t\t\t\t\t\t\t<\/div>\n\t\t\t\t\t<\/div>\n\t\t<\/div>\n\t\t\t\t<div class=\"elementor-column elementor-col-50 elementor-top-column elementor-element elementor-element-f5ab6e4\" data-id=\"f5ab6e4\" data-element_type=\"column\" data-e-type=\"column\">\n\t\t\t<div class=\"elementor-widget-wrap elementor-element-populated\">\n\t\t\t\t\t\t<div class=\"elementor-element elementor-element-925c4bc elementor-flip-box--effect-slide elementor-flip-box--direction-up elementor-widget elementor-widget-flip-box\" data-id=\"925c4bc\" data-element_type=\"widget\" data-e-type=\"widget\" data-widget_type=\"flip-box.default\">\n\t\t\t\t\t\t\t<div class=\"elementor-flip-box\" tabindex=\"0\">\n\t\t\t<div class=\"elementor-flip-box__layer elementor-flip-box__front\">\n\t\t\t\t<div class=\"elementor-flip-box__layer__overlay\">\n\t\t\t\t\t<div class=\"elementor-flip-box__layer__inner\">\n\t\t\t\t\t\t\n\t\t\t\t\t\t\n\t\t\t\t\t\t\t\t\t\t\t<\/div>\n\t\t\t\t<\/div>\n\t\t\t<\/div>\n\t\t\t<div class=\"elementor-flip-box__layer elementor-flip-box__back\">\n\t\t\t<div class=\"elementor-flip-box__layer__overlay\">\n\t\t\t\t<div class=\"elementor-flip-box__layer__inner\">\n\t\t\t\t\t\n\t\t\t\t\t\n\t\t\t\t\t\t\t\t<\/div>\n\t\t<\/div>\n\t\t<\/div>\n\t\t<\/div>\n\t\t\t\t\t\t<\/div>\n\t\t\t\t\t<\/div>\n\t\t<\/div>\n\t\t\t\t\t<\/div>\n\t\t<\/section>\n\t\t\t\t<\/div>\n\t\t","protected":false},"excerpt":{"rendered":"<p>historia Sobre nosotros Pasteler\u00eda fundada en el casco viejo de Bermeo en 1969, creando y elaborando dulces y pasteles tradicionales y t\u00edpicos del territorio. En 2007 pasa a manos de Urko Arostegui, el reciente pastelero, que a d\u00eda de hoy mantiene la tradici\u00f3n de elaborar los dulces de siempre, respetando fechas y festividades relacionadas con [&hellip;]<\/p>\n","protected":false},"author":1,"featured_media":0,"parent":0,"menu_order":0,"comment_status":"closed","ping_status":"closed","template":"elementor_canvas","meta":{"footnotes":""},"class_list":["post-2","page","type-page","status-publish","hentry"],"yoast_head":"<!-- This site is optimized with the Yoast SEO plugin v27.3 - https:\/\/yoast.com\/product\/yoast-seo-wordpress\/ -->\n<title>Inicio - Gaztelugatxe Gozotegia<\/title>\n<meta name=\"robots\" content=\"index, follow, max-snippet:-1, max-image-preview:large, max-video-preview:-1\" \/>\n<link rel=\"canonical\" href=\"https:\/\/gaztelugatxegozotegia.com\/eu\/\" \/>\n<meta property=\"og:locale\" content=\"en_US\" \/>\n<meta property=\"og:type\" content=\"article\" \/>\n<meta property=\"og:title\" content=\"Inicio - Gaztelugatxe Gozotegia\" \/>\n<meta property=\"og:description\" content=\"historia Sobre nosotros Pasteler\u00eda fundada en el casco viejo de Bermeo en 1969, creando y elaborando dulces y pasteles tradicionales y t\u00edpicos del territorio. En 2007 pasa a manos de Urko Arostegui, el reciente pastelero, que a d\u00eda de hoy mantiene la tradici\u00f3n de elaborar los dulces de siempre, respetando fechas y festividades relacionadas con [&hellip;]\" \/>\n<meta property=\"og:url\" content=\"https:\/\/gaztelugatxegozotegia.com\/eu\/\" \/>\n<meta property=\"og:site_name\" content=\"Gaztelugatxe Gozotegia\" \/>\n<meta property=\"article:modified_time\" content=\"2025-08-07T11:11:10+00:00\" \/>\n<meta name=\"twitter:card\" content=\"summary_large_image\" \/>\n<meta name=\"twitter:label1\" content=\"Est. reading time\" \/>\n\t<meta name=\"twitter:data1\" content=\"1 minutua\" \/>\n<script type=\"application\/ld+json\" class=\"yoast-schema-graph\">{\"@context\":\"https:\\\/\\\/schema.org\",\"@graph\":[{\"@type\":\"WebPage\",\"@id\":\"https:\\\/\\\/gaztelugatxegozotegia.com\\\/\",\"url\":\"https:\\\/\\\/gaztelugatxegozotegia.com\\\/\",\"name\":\"Inicio - Gaztelugatxe Gozotegia\",\"isPartOf\":{\"@id\":\"https:\\\/\\\/gaztelugatxegozotegia.com\\\/#website\"},\"datePublished\":\"2025-08-04T09:30:45+00:00\",\"dateModified\":\"2025-08-07T11:11:10+00:00\",\"breadcrumb\":{\"@id\":\"https:\\\/\\\/gaztelugatxegozotegia.com\\\/#breadcrumb\"},\"inLanguage\":\"eu\",\"potentialAction\":[{\"@type\":\"ReadAction\",\"target\":[\"https:\\\/\\\/gaztelugatxegozotegia.com\\\/\"]}]},{\"@type\":\"BreadcrumbList\",\"@id\":\"https:\\\/\\\/gaztelugatxegozotegia.com\\\/#breadcrumb\",\"itemListElement\":[{\"@type\":\"ListItem\",\"position\":1,\"name\":\"Portada\",\"item\":\"https:\\\/\\\/gaztelugatxegozotegia.com\\\/\"},{\"@type\":\"ListItem\",\"position\":2,\"name\":\"Inicio\"}]},{\"@type\":\"WebSite\",\"@id\":\"https:\\\/\\\/gaztelugatxegozotegia.com\\\/#website\",\"url\":\"https:\\\/\\\/gaztelugatxegozotegia.com\\\/\",\"name\":\"Gaztelugatxe Gozotegia\",\"description\":\"Gaztelugatxe Gozotegia\",\"publisher\":{\"@id\":\"https:\\\/\\\/gaztelugatxegozotegia.com\\\/#organization\"},\"potentialAction\":[{\"@type\":\"SearchAction\",\"target\":{\"@type\":\"EntryPoint\",\"urlTemplate\":\"https:\\\/\\\/gaztelugatxegozotegia.com\\\/?s={search_term_string}\"},\"query-input\":{\"@type\":\"PropertyValueSpecification\",\"valueRequired\":true,\"valueName\":\"search_term_string\"}}],\"inLanguage\":\"eu\"},{\"@type\":\"Organization\",\"@id\":\"https:\\\/\\\/gaztelugatxegozotegia.com\\\/#organization\",\"name\":\"Gaztelugatxe Gozotegia\",\"url\":\"https:\\\/\\\/gaztelugatxegozotegia.com\\\/\",\"logo\":{\"@type\":\"ImageObject\",\"inLanguage\":\"eu\",\"@id\":\"https:\\\/\\\/gaztelugatxegozotegia.com\\\/#\\\/schema\\\/logo\\\/image\\\/\",\"url\":\"https:\\\/\\\/gaztelugatxegozotegia.com\\\/wp-content\\\/uploads\\\/2025\\\/08\\\/cropped-logo-trans.png\",\"contentUrl\":\"https:\\\/\\\/gaztelugatxegozotegia.com\\\/wp-content\\\/uploads\\\/2025\\\/08\\\/cropped-logo-trans.png\",\"width\":346,\"height\":99,\"caption\":\"Gaztelugatxe Gozotegia\"},\"image\":{\"@id\":\"https:\\\/\\\/gaztelugatxegozotegia.com\\\/#\\\/schema\\\/logo\\\/image\\\/\"}}]}<\/script>\n<!-- \/ Yoast SEO plugin. -->","yoast_head_json":{"title":"Inicio - Gaztelugatxe Gozotegia","robots":{"index":"index","follow":"follow","max-snippet":"max-snippet:-1","max-image-preview":"max-image-preview:large","max-video-preview":"max-video-preview:-1"},"canonical":"https:\/\/gaztelugatxegozotegia.com\/eu\/","og_locale":"en_US","og_type":"article","og_title":"Inicio - Gaztelugatxe Gozotegia","og_description":"historia Sobre nosotros Pasteler\u00eda fundada en el casco viejo de Bermeo en 1969, creando y elaborando dulces y pasteles tradicionales y t\u00edpicos del territorio. En 2007 pasa a manos de Urko Arostegui, el reciente pastelero, que a d\u00eda de hoy mantiene la tradici\u00f3n de elaborar los dulces de siempre, respetando fechas y festividades relacionadas con [&hellip;]","og_url":"https:\/\/gaztelugatxegozotegia.com\/eu\/","og_site_name":"Gaztelugatxe Gozotegia","article_modified_time":"2025-08-07T11:11:10+00:00","twitter_card":"summary_large_image","twitter_misc":{"Est. reading time":"1 minutua"},"schema":{"@context":"https:\/\/schema.org","@graph":[{"@type":"WebPage","@id":"https:\/\/gaztelugatxegozotegia.com\/","url":"https:\/\/gaztelugatxegozotegia.com\/","name":"Inicio - Gaztelugatxe Gozotegia","isPartOf":{"@id":"https:\/\/gaztelugatxegozotegia.com\/#website"},"datePublished":"2025-08-04T09:30:45+00:00","dateModified":"2025-08-07T11:11:10+00:00","breadcrumb":{"@id":"https:\/\/gaztelugatxegozotegia.com\/#breadcrumb"},"inLanguage":"eu","potentialAction":[{"@type":"ReadAction","target":["https:\/\/gaztelugatxegozotegia.com\/"]}]},{"@type":"BreadcrumbList","@id":"https:\/\/gaztelugatxegozotegia.com\/#breadcrumb","itemListElement":[{"@type":"ListItem","position":1,"name":"Portada","item":"https:\/\/gaztelugatxegozotegia.com\/"},{"@type":"ListItem","position":2,"name":"Inicio"}]},{"@type":"WebSite","@id":"https:\/\/gaztelugatxegozotegia.com\/#website","url":"https:\/\/gaztelugatxegozotegia.com\/","name":"Gaztelugatxe Gozotegia","description":"Gaztelugatxe Gozotegia","publisher":{"@id":"https:\/\/gaztelugatxegozotegia.com\/#organization"},"potentialAction":[{"@type":"SearchAction","target":{"@type":"EntryPoint","urlTemplate":"https:\/\/gaztelugatxegozotegia.com\/?s={search_term_string}"},"query-input":{"@type":"PropertyValueSpecification","valueRequired":true,"valueName":"search_term_string"}}],"inLanguage":"eu"},{"@type":"Organization","@id":"https:\/\/gaztelugatxegozotegia.com\/#organization","name":"Gaztelugatxe Gozotegia","url":"https:\/\/gaztelugatxegozotegia.com\/","logo":{"@type":"ImageObject","inLanguage":"eu","@id":"https:\/\/gaztelugatxegozotegia.com\/#\/schema\/logo\/image\/","url":"https:\/\/gaztelugatxegozotegia.com\/wp-content\/uploads\/2025\/08\/cropped-logo-trans.png","contentUrl":"https:\/\/gaztelugatxegozotegia.com\/wp-content\/uploads\/2025\/08\/cropped-logo-trans.png","width":346,"height":99,"caption":"Gaztelugatxe Gozotegia"},"image":{"@id":"https:\/\/gaztelugatxegozotegia.com\/#\/schema\/logo\/image\/"}}]}},"_links":{"self":[{"href":"https:\/\/gaztelugatxegozotegia.com\/eu\/wp-json\/wp\/v2\/pages\/2","targetHints":{"allow":["GET"]}}],"collection":[{"href":"https:\/\/gaztelugatxegozotegia.com\/eu\/wp-json\/wp\/v2\/pages"}],"about":[{"href":"https:\/\/gaztelugatxegozotegia.com\/eu\/wp-json\/wp\/v2\/types\/page"}],"author":[{"embeddable":true,"href":"https:\/\/gaztelugatxegozotegia.com\/eu\/wp-json\/wp\/v2\/users\/1"}],"replies":[{"embeddable":true,"href":"https:\/\/gaztelugatxegozotegia.com\/eu\/wp-json\/wp\/v2\/comments?post=2"}],"version-history":[{"count":76,"href":"https:\/\/gaztelugatxegozotegia.com\/eu\/wp-json\/wp\/v2\/pages\/2\/revisions"}],"predecessor-version":[{"id":546,"href":"https:\/\/gaztelugatxegozotegia.com\/eu\/wp-json\/wp\/v2\/pages\/2\/revisions\/546"}],"wp:attachment":[{"href":"https:\/\/gaztelugatxegozotegia.com\/eu\/wp-json\/wp\/v2\/media?parent=2"}],"curies":[{"name":"wp","href":"https:\/\/api.w.org\/{rel}","templated":true}]}}